{"id":29507,"date":"2020-11-24T14:56:59","date_gmt":"2020-11-24T13:56:59","guid":{"rendered":"https:\/\/www.systema-valais.ch\/?page_id=29507"},"modified":"2023-03-22T13:47:48","modified_gmt":"2023-03-22T12:47:48","slug":"boutique-systema-valais","status":"publish","type":"page","link":"https:\/\/systema-valais.ch\/en\/boutique-systema-valais\/","title":{"rendered":"Systema Valais Store"},"content":{"rendered":"<p>[et_pb_section fb_built=\u00a0\u00bb1&Prime; custom_padding_last_edited=\u00a0\u00bboff|desktop\u00a0\u00bb admin_label=\u00a0\u00bbHeader\u00a0\u00bb _builder_version=\u00a0\u00bb4.16&Prime; background_color=\u00a0\u00bb#2a2e40&Prime; use_background_color_gradient=\u00a0\u00bbon\u00a0\u00bb background_color_gradient_type=\u00a0\u00bbcircular\u00a0\u00bb background_color_gradient_stops=\u00a0\u00bbrgba(42,46,64,0) 0%|#2a2e40 70%\u00a0\u00bb background_color_gradient_overlays_image=\u00a0\u00bbon\u00a0\u00bb background_color_gradient_start=\u00a0\u00bbrgba(42,46,64,0)\u00a0\u00bb background_color_gradient_end=\u00a0\u00bb#2a2e40&Prime; background_color_gradient_end_position=\u00a0\u00bb70%\u00a0\u00bb background_image=\u00a0\u00bbhttps:\/\/www.systema-valais.ch\/wp-content\/uploads\/2020\/06\/bginstructors.jpg\u00a0\u00bb min_height=\u00a0\u00bb500px\u00a0\u00bb custom_margin=\u00a0\u00bb||-50px||false|false\u00a0\u00bb custom_margin_tablet=\u00a0\u00bb\u00a0\u00bb custom_margin_phone=\u00a0\u00bb\u00a0\u00bb custom_margin_last_edited=\u00a0\u00bbon|phone\u00a0\u00bb custom_padding_tablet=\u00a0\u00bb0vw||\u00a0\u00bb custom_padding_phone=\u00a0\u00bb0vw||\u00a0\u00bb box_shadow_style=\u00a0\u00bbpreset7&Prime; box_shadow_horizontal=\u00a0\u00bb0px\u00a0\u00bb box_shadow_vertical=\u00a0\u00bb-100px\u00a0\u00bb box_shadow_color=\u00a0\u00bb#ffffff\u00a0\u00bb locked=\u00a0\u00bboff\u00a0\u00bb global_colors_info=\u00a0\u00bb{}\u00a0\u00bb][et_pb_row _builder_version=\u00a0\u00bb4.16&Prime; module_alignment=\u00a0\u00bbleft\u00a0\u00bb custom_padding=\u00a0\u00bb0|0px|0|0px|true|false\u00a0\u00bb global_colors_info=\u00a0\u00bb{}\u00a0\u00bb][et_pb_column type=\u00a0\u00bb4_4&Prime; _builder_version=\u00a0\u00bb4.16&Prime; custom_padding=\u00a0\u00bb|||\u00a0\u00bb global_colors_info=\u00a0\u00bb{}\u00a0\u00bb custom_padding__hover=\u00a0\u00bb|||\u00a0\u00bb][et_pb_divider color=\u00a0\u00bbrgba(255,255,255,0.31)\u00a0\u00bb divider_style=\u00a0\u00bbdashed\u00a0\u00bb _builder_version=\u00a0\u00bb4.16&Prime; global_colors_info=\u00a0\u00bb{}\u00a0\u00bb][\/et_pb_divider][\/et_pb_column][\/et_pb_row][et_pb_row custom_padding_last_edited=\u00a0\u00bbon|tablet\u00a0\u00bb _builder_version=\u00a0\u00bb4.16&Prime; max_width=\u00a0\u00bb80%\u00a0\u00bb custom_margin=\u00a0\u00bb||\u00a0\u00bb custom_padding=\u00a0\u00bb||0||false|false\u00a0\u00bb custom_padding_tablet=\u00a0\u00bb||40px|0%\u00a0\u00bb custom_padding_phone=\u00a0\u00bb\u00a0\u00bb use_custom_width=\u00a0\u00bbon\u00a0\u00bb width_unit=\u00a0\u00bboff\u00a0\u00bb global_colors_info=\u00a0\u00bb{}\u00a0\u00bb][et_pb_column type=\u00a0\u00bb4_4&Prime; _builder_version=\u00a0\u00bb4.16&Prime; custom_padding=\u00a0\u00bb|||\u00a0\u00bb global_colors_info=\u00a0\u00bb{}\u00a0\u00bb custom_padding__hover=\u00a0\u00bb|||\u00a0\u00bb][et_pb_text _builder_version=\u00a0\u00bb4.16&Prime; text_font=\u00a0\u00bb||||||||\u00a0\u00bb header_font=\u00a0\u00bbOswald|300||on|||||\u00a0\u00bb header_font_size=\u00a0\u00bb7vw\u00a0\u00bb header_letter_spacing=\u00a0\u00bb0.35em\u00a0\u00bb header_line_height=\u00a0\u00bb1.2em\u00a0\u00bb header_2_font=\u00a0\u00bb||||||||\u00a0\u00bb header_3_font=\u00a0\u00bbOswald|||on|||||\u00a0\u00bb header_3_font_size=\u00a0\u00bb12px\u00a0\u00bb header_3_letter_spacing=\u00a0\u00bb1.5em\u00a0\u00bb header_3_line_height=\u00a0\u00bb2.4em\u00a0\u00bb background_layout=\u00a0\u00bbdark\u00a0\u00bb max_width=\u00a0\u00bb80%\u00a0\u00bb animation_style=\u00a0\u00bbslide\u00a0\u00bb animation_direction=\u00a0\u00bbright\u00a0\u00bb animation_duration=\u00a0\u00bb2000ms\u00a0\u00bb animation_intensity_slide=\u00a0\u00bb2%\u00a0\u00bb header_font_size_tablet=\u00a0\u00bb40px\u00a0\u00bb header_font_size_phone=\u00a0\u00bb30px\u00a0\u00bb header_font_size_last_edited=\u00a0\u00bbon|phone\u00a0\u00bb header_letter_spacing_tablet=\u00a0\u00bb10px\u00a0\u00bb header_letter_spacing_phone=\u00a0\u00bb7px\u00a0\u00bb header_letter_spacing_last_edited=\u00a0\u00bboff|desktop\u00a0\u00bb header_line_height_tablet=\u00a0\u00bb1.5em\u00a0\u00bb header_line_height_phone=\u00a0\u00bb1.5em\u00a0\u00bb header_line_height_last_edited=\u00a0\u00bbon|phone\u00a0\u00bb header_3_font_size_tablet=\u00a0\u00bb10px\u00a0\u00bb header_3_font_size_phone=\u00a0\u00bb10px\u00a0\u00bb header_3_font_size_last_edited=\u00a0\u00bbon|desktop\u00a0\u00bb header_3_letter_spacing_tablet=\u00a0\u00bb\u00a0\u00bb header_3_letter_spacing_phone=\u00a0\u00bb3px\u00a0\u00bb header_3_letter_spacing_last_edited=\u00a0\u00bbon|phone\u00a0\u00bb global_colors_info=\u00a0\u00bb{}\u00a0\u00bb]<\/p>\n<h3>la boutique<\/h3>\n<h1>la boutique<\/h1>\n<p>[\/et_pb_text][\/et_pb_column][\/et_pb_row][\/et_pb_section][et_pb_section fb_built=\u00a0\u00bb1&Prime; _builder_version=\u00a0\u00bb4.16&Prime; _module_preset=\u00a0\u00bbdefault\u00a0\u00bb custom_padding=\u00a0\u00bb0px||0px|||\u00a0\u00bb global_colors_info=\u00a0\u00bb{}\u00a0\u00bb][et_pb_row column_structure=\u00a0\u00bb1_5,3_5,1_5&Prime; _builder_version=\u00a0\u00bb4.16&Prime; _module_preset=\u00a0\u00bbdefault\u00a0\u00bb module_alignment=\u00a0\u00bbcenter\u00a0\u00bb global_colors_info=\u00a0\u00bb{}\u00a0\u00bb][et_pb_column type=\u00a0\u00bb1_5&Prime; _builder_version=\u00a0\u00bb4.16&Prime; _module_preset=\u00a0\u00bbdefault\u00a0\u00bb global_colors_info=\u00a0\u00bb{}\u00a0\u00bb][et_pb_image src=\u00a0\u00bbhttps:\/\/www.systema-valais.ch\/wp-content\/uploads\/2021\/01\/TWINT.jpg\u00a0\u00bb title_text=\u00a0\u00bbTWINT\u00a0\u00bb _builder_version=\u00a0\u00bb4.16&Prime; _module_preset=\u00a0\u00bbdefault\u00a0\u00bb global_colors_info=\u00a0\u00bb{}\u00a0\u00bb][\/et_pb_image][\/et_pb_column][et_pb_column type=\u00a0\u00bb3_5&Prime; _builder_version=\u00a0\u00bb4.16&Prime; _module_preset=\u00a0\u00bbdefault\u00a0\u00bb global_colors_info=\u00a0\u00bb{}\u00a0\u00bb][et_pb_text _builder_version=\u00a0\u00bb4.16&Prime; _module_preset=\u00a0\u00bbdefault\u00a0\u00bb text_font=\u00a0\u00bb||on||||||\u00a0\u00bb text_line_height=\u00a0\u00bb1.8em\u00a0\u00bb text_orientation=\u00a0\u00bbjustified\u00a0\u00bb global_colors_info=\u00a0\u00bb{}\u00a0\u00bb]<\/p>\n<p>Tous nos articles peuvent aussi \u00eatre r\u00e9gl\u00e9 en nous envoyant le montant correspondant directement par twint au num\u00e9ro 078 659 75 56, et en indiquant l&rsquo;article souhait\u00e9 dans les commentaires.<\/p>\n<p>[\/et_pb_text][\/et_pb_column][et_pb_column type=\u00a0\u00bb1_5&Prime; _builder_version=\u00a0\u00bb4.16&Prime; _module_preset=\u00a0\u00bbdefault\u00a0\u00bb global_colors_info=\u00a0\u00bb{}\u00a0\u00bb][et_pb_image src=\u00a0\u00bbhttps:\/\/www.systema-valais.ch\/wp-content\/uploads\/2021\/01\/TWINT.jpg\u00a0\u00bb title_text=\u00a0\u00bbTWINT\u00a0\u00bb align=\u00a0\u00bbright\u00a0\u00bb _builder_version=\u00a0\u00bb4.16&Prime; _module_preset=\u00a0\u00bbdefault\u00a0\u00bb global_colors_info=\u00a0\u00bb{}\u00a0\u00bb][\/et_pb_image][\/et_pb_column][\/et_pb_row][\/et_pb_section][et_pb_section fb_built=\u00a0\u00bb1&Prime; admin_label=\u00a0\u00bbShop\u00a0\u00bb _builder_version=\u00a0\u00bb4.16&Prime; custom_padding=\u00a0\u00bb0px||29px|||\u00a0\u00bb locked=\u00a0\u00bboff\u00a0\u00bb global_colors_info=\u00a0\u00bb{}\u00a0\u00bb][et_pb_row _builder_version=\u00a0\u00bb4.16&Prime; global_colors_info=\u00a0\u00bb{}\u00a0\u00bb][et_pb_column type=\u00a0\u00bb4_4&Prime; _builder_version=\u00a0\u00bb4.16&Prime; custom_padding=\u00a0\u00bb|||\u00a0\u00bb global_colors_info=\u00a0\u00bb{}\u00a0\u00bb custom_padding__hover=\u00a0\u00bb|||\u00a0\u00bb][et_pb_shop type=\u00a0\u00bbproduct_category\u00a0\u00bb posts_number=\u00a0\u00bb8&Prime; include_categories=\u00a0\u00bb33,23,24&Prime; columns_number=\u00a0\u00bb4&Prime; orderby=\u00a0\u00bbmenu_order\u00a0\u00bb _builder_version=\u00a0\u00bb4.16&Prime; title_font=\u00a0\u00bbMontserrat|700|||||||\u00a0\u00bb title_font_size=\u00a0\u00bb16px\u00a0\u00bb title_line_height=\u00a0\u00bb1.5em\u00a0\u00bb price_font=\u00a0\u00bb|700|||||||\u00a0\u00bb price_text_color=\u00a0\u00bb#31d190&Prime; text_orientation=\u00a0\u00bbcenter\u00a0\u00bb hover_enabled=\u00a0\u00bb0&Prime; background_last_edited=\u00a0\u00bboff|tablet\u00a0\u00bb global_colors_info=\u00a0\u00bb{}\u00a0\u00bb sticky_enabled=\u00a0\u00bb0&Prime;][\/et_pb_shop][\/et_pb_column][\/et_pb_row][\/et_pb_section]<\/p>\n","protected":false},"excerpt":{"rendered":"<p>the shop the shopAll our items can also be paid for by sending us the corresponding amount directly by twint to the number 078 659 75 56, and indicating the desired item in the comments.<\/p>","protected":false},"author":65,"featured_media":0,"parent":0,"menu_order":70,"comment_status":"closed","ping_status":"closed","template":"","meta":{"_et_pb_use_builder":"on","_et_pb_old_content":"","_et_gb_content_width":"","_joinchat":[],"footnotes":""},"class_list":["post-29507","page","type-page","status-publish","hentry"],"yoast_head":"<!-- This site is optimized with the Yoast SEO plugin v27.4 - https:\/\/yoast.com\/product\/yoast-seo-wordpress\/ -->\n<title>Boutique Systema Valais - Systema Valais<\/title>\n<meta name=\"description\" content=\"Club sportif permettant de pratiquer le systema qui est un art martial russe - Systema-valais est une section du karat\u00e9 club valais\" \/>\n<meta name=\"robots\" content=\"index, follow, max-snippet:-1, max-image-preview:large, max-video-preview:-1\" \/>\n<link rel=\"canonical\" href=\"https:\/\/systema-valais.ch\/en\/boutique-systema-valais\/\" \/>\n<meta property=\"og:locale\" content=\"en_GB\" \/>\n<meta property=\"og:type\" content=\"article\" \/>\n<meta property=\"og:title\" content=\"Boutique Systema Valais - Systema Valais\" \/>\n<meta property=\"og:description\" content=\"Club sportif permettant de pratiquer le systema qui est un art martial russe - Systema-valais est une section du karat\u00e9 club valais\" \/>\n<meta property=\"og:url\" content=\"https:\/\/systema-valais.ch\/en\/boutique-systema-valais\/\" \/>\n<meta property=\"og:site_name\" content=\"Systema Valais\" \/>\n<meta property=\"article:modified_time\" content=\"2023-03-22T12:47:48+00:00\" \/>\n<meta name=\"twitter:card\" content=\"summary_large_image\" \/>\n<meta name=\"twitter:label1\" content=\"Estimated reading time\" \/>\n\t<meta name=\"twitter:data1\" content=\"3 minutes\" \/>\n<script type=\"application\/ld+json\" class=\"yoast-schema-graph\">{\"@context\":\"https:\\\/\\\/schema.org\",\"@graph\":[{\"@type\":\"WebPage\",\"@id\":\"https:\\\/\\\/systema-valais.ch\\\/boutique-systema-valais\\\/\",\"url\":\"https:\\\/\\\/systema-valais.ch\\\/boutique-systema-valais\\\/\",\"name\":\"Boutique Systema Valais - Systema Valais\",\"isPartOf\":{\"@id\":\"https:\\\/\\\/systema-valais.ch\\\/#website\"},\"datePublished\":\"2020-11-24T13:56:59+00:00\",\"dateModified\":\"2023-03-22T12:47:48+00:00\",\"description\":\"Club sportif permettant de pratiquer le systema qui est un art martial russe - Systema-valais est une section du karat\u00e9 club valais\",\"breadcrumb\":{\"@id\":\"https:\\\/\\\/systema-valais.ch\\\/boutique-systema-valais\\\/#breadcrumb\"},\"inLanguage\":\"en-GB\",\"potentialAction\":[{\"@type\":\"ReadAction\",\"target\":[\"https:\\\/\\\/systema-valais.ch\\\/boutique-systema-valais\\\/\"]}]},{\"@type\":\"BreadcrumbList\",\"@id\":\"https:\\\/\\\/systema-valais.ch\\\/boutique-systema-valais\\\/#breadcrumb\",\"itemListElement\":[{\"@type\":\"ListItem\",\"position\":1,\"name\":\"Accueil\",\"item\":\"https:\\\/\\\/systema-valais.ch\\\/\"},{\"@type\":\"ListItem\",\"position\":2,\"name\":\"Boutique Systema Valais\"}]},{\"@type\":\"WebSite\",\"@id\":\"https:\\\/\\\/systema-valais.ch\\\/#website\",\"url\":\"https:\\\/\\\/systema-valais.ch\\\/\",\"name\":\"Systema Valais\",\"description\":\"Le contr\u00f4le de soi en toutes circonstances\",\"publisher\":{\"@id\":\"https:\\\/\\\/systema-valais.ch\\\/#organization\"},\"potentialAction\":[{\"@type\":\"SearchAction\",\"target\":{\"@type\":\"EntryPoint\",\"urlTemplate\":\"https:\\\/\\\/systema-valais.ch\\\/?s={search_term_string}\"},\"query-input\":{\"@type\":\"PropertyValueSpecification\",\"valueRequired\":true,\"valueName\":\"search_term_string\"}}],\"inLanguage\":\"en-GB\"},{\"@type\":\"Organization\",\"@id\":\"https:\\\/\\\/systema-valais.ch\\\/#organization\",\"name\":\"Systema Valais\",\"url\":\"https:\\\/\\\/systema-valais.ch\\\/\",\"logo\":{\"@type\":\"ImageObject\",\"inLanguage\":\"en-GB\",\"@id\":\"https:\\\/\\\/systema-valais.ch\\\/#\\\/schema\\\/logo\\\/image\\\/\",\"url\":\"https:\\\/\\\/www.systema-valais.ch\\\/wp-content\\\/uploads\\\/2020\\\/05\\\/favicon-copy.jpg\",\"contentUrl\":\"https:\\\/\\\/www.systema-valais.ch\\\/wp-content\\\/uploads\\\/2020\\\/05\\\/favicon-copy.jpg\",\"width\":350,\"height\":350,\"caption\":\"Systema Valais\"},\"image\":{\"@id\":\"https:\\\/\\\/systema-valais.ch\\\/#\\\/schema\\\/logo\\\/image\\\/\"}}]}<\/script>\n<!-- \/ Yoast SEO plugin. -->","yoast_head_json":{"title":"Systema Valais store - Systema Valais","description":"Sports club allowing you to practice systema, a Russian martial art - Systema-valais is a section of the karate club valais","robots":{"index":"index","follow":"follow","max-snippet":"max-snippet:-1","max-image-preview":"max-image-preview:large","max-video-preview":"max-video-preview:-1"},"canonical":"https:\/\/systema-valais.ch\/en\/boutique-systema-valais\/","og_locale":"en_GB","og_type":"article","og_title":"Boutique Systema Valais - Systema Valais","og_description":"Club sportif permettant de pratiquer le systema qui est un art martial russe - Systema-valais est une section du karat\u00e9 club valais","og_url":"https:\/\/systema-valais.ch\/en\/boutique-systema-valais\/","og_site_name":"Systema Valais","article_modified_time":"2023-03-22T12:47:48+00:00","twitter_card":"summary_large_image","twitter_misc":{"Estimated reading time":"3 minutes"},"schema":{"@context":"https:\/\/schema.org","@graph":[{"@type":"WebPage","@id":"https:\/\/systema-valais.ch\/boutique-systema-valais\/","url":"https:\/\/systema-valais.ch\/boutique-systema-valais\/","name":"Systema Valais store - Systema Valais","isPartOf":{"@id":"https:\/\/systema-valais.ch\/#website"},"datePublished":"2020-11-24T13:56:59+00:00","dateModified":"2023-03-22T12:47:48+00:00","description":"Sports club allowing you to practice systema, a Russian martial art - Systema-valais is a section of the karate club valais","breadcrumb":{"@id":"https:\/\/systema-valais.ch\/boutique-systema-valais\/#breadcrumb"},"inLanguage":"en-GB","potentialAction":[{"@type":"ReadAction","target":["https:\/\/systema-valais.ch\/boutique-systema-valais\/"]}]},{"@type":"BreadcrumbList","@id":"https:\/\/systema-valais.ch\/boutique-systema-valais\/#breadcrumb","itemListElement":[{"@type":"ListItem","position":1,"name":"Accueil","item":"https:\/\/systema-valais.ch\/"},{"@type":"ListItem","position":2,"name":"Boutique Systema Valais"}]},{"@type":"WebSite","@id":"https:\/\/systema-valais.ch\/#website","url":"https:\/\/systema-valais.ch\/","name":"Systema Wallis","description":"Self-control in all circumstances","publisher":{"@id":"https:\/\/systema-valais.ch\/#organization"},"potentialAction":[{"@type":"SearchAction","target":{"@type":"EntryPoint","urlTemplate":"https:\/\/systema-valais.ch\/?s={search_term_string}"},"query-input":{"@type":"PropertyValueSpecification","valueRequired":true,"valueName":"search_term_string"}}],"inLanguage":"en-GB"},{"@type":"Organization","@id":"https:\/\/systema-valais.ch\/#organization","name":"Systema Wallis","url":"https:\/\/systema-valais.ch\/","logo":{"@type":"ImageObject","inLanguage":"en-GB","@id":"https:\/\/systema-valais.ch\/#\/schema\/logo\/image\/","url":"https:\/\/www.systema-valais.ch\/wp-content\/uploads\/2020\/05\/favicon-copy.jpg","contentUrl":"https:\/\/www.systema-valais.ch\/wp-content\/uploads\/2020\/05\/favicon-copy.jpg","width":350,"height":350,"caption":"Systema Valais"},"image":{"@id":"https:\/\/systema-valais.ch\/#\/schema\/logo\/image\/"}}]}},"_links":{"self":[{"href":"https:\/\/systema-valais.ch\/en\/wp-json\/wp\/v2\/pages\/29507","targetHints":{"allow":["GET"]}}],"collection":[{"href":"https:\/\/systema-valais.ch\/en\/wp-json\/wp\/v2\/pages"}],"about":[{"href":"https:\/\/systema-valais.ch\/en\/wp-json\/wp\/v2\/types\/page"}],"author":[{"embeddable":true,"href":"https:\/\/systema-valais.ch\/en\/wp-json\/wp\/v2\/users\/65"}],"replies":[{"embeddable":true,"href":"https:\/\/systema-valais.ch\/en\/wp-json\/wp\/v2\/comments?post=29507"}],"version-history":[{"count":8,"href":"https:\/\/systema-valais.ch\/en\/wp-json\/wp\/v2\/pages\/29507\/revisions"}],"predecessor-version":[{"id":30568,"href":"https:\/\/systema-valais.ch\/en\/wp-json\/wp\/v2\/pages\/29507\/revisions\/30568"}],"wp:attachment":[{"href":"https:\/\/systema-valais.ch\/en\/wp-json\/wp\/v2\/media?parent=29507"}],"curies":[{"name":"wp","href":"https:\/\/api.w.org\/{rel}","templated":true}]}}