{"id":29487,"date":"2020-11-24T14:03:28","date_gmt":"2020-11-24T13:03:28","guid":{"rendered":"https:\/\/www.systema-valais.ch\/?post_type=product&#038;p=29487"},"modified":"2024-04-15T20:13:15","modified_gmt":"2024-04-15T18:13:15","slug":"polo","status":"publish","type":"product","link":"https:\/\/systema-valais.ch\/de\/produkt\/polo\/","title":{"rendered":"NEUES Polo \u2013 OFFIZIELLES SYSTEMA VALAIS"},"content":{"rendered":"<p>Le polo \u00e0 manches courtes, le classique chic et sportif pour les loisirs soign\u00e9s, la tenue casual pour le bureau et parfait en d\u00e9placement. De qualit\u00e9 sup\u00e9rieure piqu\u00e9 en coton peign\u00e9, extra doux et agr\u00e9able pour la peau gr\u00e2ce au pr\u00e9-lavage innovant en silicone.<\/p>\n<p>&nbsp;<\/p>","protected":false},"excerpt":{"rendered":"<p style=\"text-align: center;\">Das Kurzarm-Poloshirt, der sportliche Klassiker f\u00fcr die gepflegte Freizeit, Casual Wear f\u00fcrs B\u00fcro und perfekt f\u00fcr unterwegs. Gek\u00e4mmter Baumwoll-Piqu\u00e9 in Premium-Qualit\u00e4t, extra weich und hautfreundlich dank innovativer Silikon-Vorw\u00e4sche.<\/p>\n<p><img loading=\"lazy\" decoding=\"async\" class=\"size-full wp-image-31070 alignleft\" src=\"https:\/\/systema-valais.ch\/wp-content\/uploads\/2020\/11\/polo-face.jpg\" alt=\"\" width=\"815\" height=\"1195\" srcset=\"https:\/\/systema-valais.ch\/wp-content\/uploads\/2020\/11\/polo-face.jpg 815w, https:\/\/systema-valais.ch\/wp-content\/uploads\/2020\/11\/polo-face-480x704.jpg 480w\" sizes=\"(min-width: 0px) and (max-width: 480px) 480px, (min-width: 481px) 815px, 100vw\" \/><img loading=\"lazy\" decoding=\"async\" class=\"aligncenter size-full wp-image-31071\" src=\"https:\/\/systema-valais.ch\/wp-content\/uploads\/2020\/11\/polo-verso.jpg\" alt=\"\" width=\"802\" height=\"1091\" srcset=\"https:\/\/systema-valais.ch\/wp-content\/uploads\/2020\/11\/polo-verso.jpg 802w, https:\/\/systema-valais.ch\/wp-content\/uploads\/2020\/11\/polo-verso-480x653.jpg 480w\" sizes=\"(min-width: 0px) and (max-width: 480px) 480px, (min-width: 481px) 802px, 100vw\" \/><\/p>","protected":false},"featured_media":31070,"template":"","meta":{"_et_pb_use_builder":"","_et_pb_old_content":"","_et_gb_content_width":"","_joinchat":[]},"product_brand":[],"product_cat":[24],"product_tag":[],"class_list":{"0":"post-29487","1":"product","2":"type-product","3":"status-publish","4":"has-post-thumbnail","6":"product_cat-vetements","8":"first","9":"instock","10":"shipping-taxable","11":"purchasable","12":"product-type-variable"},"yoast_head":"<!-- This site is optimized with the Yoast SEO plugin v27.6 - https:\/\/yoast.com\/product\/yoast-seo-wordpress\/ -->\n<title>NEW Polo - OFFICIAL SYSTEMA VALAIS - Systema Valais<\/title>\n<meta name=\"robots\" content=\"index, follow, max-snippet:-1, max-image-preview:large, max-video-preview:-1\" \/>\n<link rel=\"canonical\" href=\"https:\/\/systema-valais.ch\/de\/produkt\/polo\/\" \/>\n<meta property=\"og:locale\" content=\"de_DE\" \/>\n<meta property=\"og:type\" content=\"article\" \/>\n<meta property=\"og:title\" content=\"NEW Polo - OFFICIAL SYSTEMA VALAIS - Systema Valais\" \/>\n<meta property=\"og:description\" content=\"Le polo \u00e0 manches courtes, le classique sportif pour les loisirs soign\u00e9s, la tenue casual pour le bureau et parfait en d\u00e9placement. De qualit\u00e9 sup\u00e9rieure piqu\u00e9 en coton peign\u00e9, extra doux et agr\u00e9able pour la peau gr\u00e2ce au pr\u00e9-lavage innovant en silicone.\" \/>\n<meta property=\"og:url\" content=\"https:\/\/systema-valais.ch\/de\/produkt\/polo\/\" \/>\n<meta property=\"og:site_name\" content=\"Systema Valais\" \/>\n<meta property=\"article:modified_time\" content=\"2024-04-15T18:13:15+00:00\" \/>\n<meta property=\"og:image\" content=\"https:\/\/systema-valais.ch\/wp-content\/uploads\/2020\/11\/polo-face.jpg\" \/>\n\t<meta property=\"og:image:width\" content=\"815\" \/>\n\t<meta property=\"og:image:height\" content=\"1195\" \/>\n\t<meta property=\"og:image:type\" content=\"image\/jpeg\" \/>\n<meta name=\"twitter:card\" content=\"summary_large_image\" \/>\n<meta name=\"twitter:label1\" content=\"Gesch\u00e4tzte Lesezeit\" \/>\n\t<meta name=\"twitter:data1\" content=\"1\u00a0Minute\" \/>\n<script type=\"application\/ld+json\" class=\"yoast-schema-graph\">{\"@context\":\"https:\\\/\\\/schema.org\",\"@graph\":[{\"@type\":\"WebPage\",\"@id\":\"https:\\\/\\\/systema-valais.ch\\\/produit\\\/polo\\\/\",\"url\":\"https:\\\/\\\/systema-valais.ch\\\/produit\\\/polo\\\/\",\"name\":\"NEW Polo - OFFICIAL SYSTEMA VALAIS - Systema Valais\",\"isPartOf\":{\"@id\":\"https:\\\/\\\/systema-valais.ch\\\/#website\"},\"primaryImageOfPage\":{\"@id\":\"https:\\\/\\\/systema-valais.ch\\\/produit\\\/polo\\\/#primaryimage\"},\"image\":{\"@id\":\"https:\\\/\\\/systema-valais.ch\\\/produit\\\/polo\\\/#primaryimage\"},\"thumbnailUrl\":\"https:\\\/\\\/systema-valais.ch\\\/wp-content\\\/uploads\\\/2020\\\/11\\\/polo-face.jpg\",\"datePublished\":\"2020-11-24T13:03:28+00:00\",\"dateModified\":\"2024-04-15T18:13:15+00:00\",\"breadcrumb\":{\"@id\":\"https:\\\/\\\/systema-valais.ch\\\/produit\\\/polo\\\/#breadcrumb\"},\"inLanguage\":\"de\",\"potentialAction\":[{\"@type\":\"ReadAction\",\"target\":[\"https:\\\/\\\/systema-valais.ch\\\/produit\\\/polo\\\/\"]}]},{\"@type\":\"ImageObject\",\"inLanguage\":\"de\",\"@id\":\"https:\\\/\\\/systema-valais.ch\\\/produit\\\/polo\\\/#primaryimage\",\"url\":\"https:\\\/\\\/systema-valais.ch\\\/wp-content\\\/uploads\\\/2020\\\/11\\\/polo-face.jpg\",\"contentUrl\":\"https:\\\/\\\/systema-valais.ch\\\/wp-content\\\/uploads\\\/2020\\\/11\\\/polo-face.jpg\",\"width\":815,\"height\":1195},{\"@type\":\"BreadcrumbList\",\"@id\":\"https:\\\/\\\/systema-valais.ch\\\/produit\\\/polo\\\/#breadcrumb\",\"itemListElement\":[{\"@type\":\"ListItem\",\"position\":1,\"name\":\"Accueil\",\"item\":\"https:\\\/\\\/systema-valais.ch\\\/\"},{\"@type\":\"ListItem\",\"position\":2,\"name\":\"Boutique Systema Valais\",\"item\":\"https:\\\/\\\/systema-valais.ch\\\/boutique-systema-valais\\\/\"},{\"@type\":\"ListItem\",\"position\":3,\"name\":\"NEW Polo &#8211; OFFICIAL SYSTEMA VALAIS\"}]},{\"@type\":\"WebSite\",\"@id\":\"https:\\\/\\\/systema-valais.ch\\\/#website\",\"url\":\"https:\\\/\\\/systema-valais.ch\\\/\",\"name\":\"Systema Valais\",\"description\":\"Le contr\u00f4le de soi en toutes circonstances\",\"publisher\":{\"@id\":\"https:\\\/\\\/systema-valais.ch\\\/#organization\"},\"potentialAction\":[{\"@type\":\"SearchAction\",\"target\":{\"@type\":\"EntryPoint\",\"urlTemplate\":\"https:\\\/\\\/systema-valais.ch\\\/?s={search_term_string}\"},\"query-input\":{\"@type\":\"PropertyValueSpecification\",\"valueRequired\":true,\"valueName\":\"search_term_string\"}}],\"inLanguage\":\"de\"},{\"@type\":\"Organization\",\"@id\":\"https:\\\/\\\/systema-valais.ch\\\/#organization\",\"name\":\"Systema Valais\",\"url\":\"https:\\\/\\\/systema-valais.ch\\\/\",\"logo\":{\"@type\":\"ImageObject\",\"inLanguage\":\"de\",\"@id\":\"https:\\\/\\\/systema-valais.ch\\\/#\\\/schema\\\/logo\\\/image\\\/\",\"url\":\"https:\\\/\\\/www.systema-valais.ch\\\/wp-content\\\/uploads\\\/2020\\\/05\\\/favicon-copy.jpg\",\"contentUrl\":\"https:\\\/\\\/www.systema-valais.ch\\\/wp-content\\\/uploads\\\/2020\\\/05\\\/favicon-copy.jpg\",\"width\":350,\"height\":350,\"caption\":\"Systema Valais\"},\"image\":{\"@id\":\"https:\\\/\\\/systema-valais.ch\\\/#\\\/schema\\\/logo\\\/image\\\/\"}}]}<\/script>\n<!-- \/ Yoast SEO plugin. -->","yoast_head_json":{"title":"NEW Polo - OFFICIAL SYSTEMA VALAIS - Systema Valais","robots":{"index":"index","follow":"follow","max-snippet":"max-snippet:-1","max-image-preview":"max-image-preview:large","max-video-preview":"max-video-preview:-1"},"canonical":"https:\/\/systema-valais.ch\/de\/produkt\/polo\/","og_locale":"de_DE","og_type":"article","og_title":"NEW Polo - OFFICIAL SYSTEMA VALAIS - Systema Valais","og_description":"Le polo \u00e0 manches courtes, le classique sportif pour les loisirs soign\u00e9s, la tenue casual pour le bureau et parfait en d\u00e9placement. De qualit\u00e9 sup\u00e9rieure piqu\u00e9 en coton peign\u00e9, extra doux et agr\u00e9able pour la peau gr\u00e2ce au pr\u00e9-lavage innovant en silicone.","og_url":"https:\/\/systema-valais.ch\/de\/produkt\/polo\/","og_site_name":"Systema Valais","article_modified_time":"2024-04-15T18:13:15+00:00","og_image":[{"width":815,"height":1195,"url":"https:\/\/systema-valais.ch\/wp-content\/uploads\/2020\/11\/polo-face.jpg","type":"image\/jpeg"}],"twitter_card":"summary_large_image","twitter_misc":{"Gesch\u00e4tzte Lesezeit":"1\u00a0Minute"},"schema":{"@context":"https:\/\/schema.org","@graph":[{"@type":"WebPage","@id":"https:\/\/systema-valais.ch\/produit\/polo\/","url":"https:\/\/systema-valais.ch\/produit\/polo\/","name":"NEW Polo - OFFICIAL SYSTEMA VALAIS - Systema Valais","isPartOf":{"@id":"https:\/\/systema-valais.ch\/#website"},"primaryImageOfPage":{"@id":"https:\/\/systema-valais.ch\/produit\/polo\/#primaryimage"},"image":{"@id":"https:\/\/systema-valais.ch\/produit\/polo\/#primaryimage"},"thumbnailUrl":"https:\/\/systema-valais.ch\/wp-content\/uploads\/2020\/11\/polo-face.jpg","datePublished":"2020-11-24T13:03:28+00:00","dateModified":"2024-04-15T18:13:15+00:00","breadcrumb":{"@id":"https:\/\/systema-valais.ch\/produit\/polo\/#breadcrumb"},"inLanguage":"de","potentialAction":[{"@type":"ReadAction","target":["https:\/\/systema-valais.ch\/produit\/polo\/"]}]},{"@type":"ImageObject","inLanguage":"de","@id":"https:\/\/systema-valais.ch\/produit\/polo\/#primaryimage","url":"https:\/\/systema-valais.ch\/wp-content\/uploads\/2020\/11\/polo-face.jpg","contentUrl":"https:\/\/systema-valais.ch\/wp-content\/uploads\/2020\/11\/polo-face.jpg","width":815,"height":1195},{"@type":"BreadcrumbList","@id":"https:\/\/systema-valais.ch\/produit\/polo\/#breadcrumb","itemListElement":[{"@type":"ListItem","position":1,"name":"Accueil","item":"https:\/\/systema-valais.ch\/"},{"@type":"ListItem","position":2,"name":"Boutique Systema Valais","item":"https:\/\/systema-valais.ch\/boutique-systema-valais\/"},{"@type":"ListItem","position":3,"name":"NEW Polo &#8211; OFFICIAL SYSTEMA VALAIS"}]},{"@type":"WebSite","@id":"https:\/\/systema-valais.ch\/#website","url":"https:\/\/systema-valais.ch\/","name":"System Wallis","description":"Selbstbeherrschung unter allen Umst\u00e4nden","publisher":{"@id":"https:\/\/systema-valais.ch\/#organization"},"potentialAction":[{"@type":"SearchAction","target":{"@type":"EntryPoint","urlTemplate":"https:\/\/systema-valais.ch\/?s={search_term_string}"},"query-input":{"@type":"PropertyValueSpecification","valueRequired":true,"valueName":"search_term_string"}}],"inLanguage":"de"},{"@type":"Organization","@id":"https:\/\/systema-valais.ch\/#organization","name":"System Wallis","url":"https:\/\/systema-valais.ch\/","logo":{"@type":"ImageObject","inLanguage":"de","@id":"https:\/\/systema-valais.ch\/#\/schema\/logo\/image\/","url":"https:\/\/www.systema-valais.ch\/wp-content\/uploads\/2020\/05\/favicon-copy.jpg","contentUrl":"https:\/\/www.systema-valais.ch\/wp-content\/uploads\/2020\/05\/favicon-copy.jpg","width":350,"height":350,"caption":"Systema Valais"},"image":{"@id":"https:\/\/systema-valais.ch\/#\/schema\/logo\/image\/"}}]}},"_links":{"self":[{"href":"https:\/\/systema-valais.ch\/de\/wp-json\/wp\/v2\/product\/29487","targetHints":{"allow":["GET"]}}],"collection":[{"href":"https:\/\/systema-valais.ch\/de\/wp-json\/wp\/v2\/product"}],"about":[{"href":"https:\/\/systema-valais.ch\/de\/wp-json\/wp\/v2\/types\/product"}],"wp:featuredmedia":[{"embeddable":true,"href":"https:\/\/systema-valais.ch\/de\/wp-json\/wp\/v2\/media\/31070"}],"wp:attachment":[{"href":"https:\/\/systema-valais.ch\/de\/wp-json\/wp\/v2\/media?parent=29487"}],"wp:term":[{"taxonomy":"product_brand","embeddable":true,"href":"https:\/\/systema-valais.ch\/de\/wp-json\/wp\/v2\/product_brand?post=29487"},{"taxonomy":"product_cat","embeddable":true,"href":"https:\/\/systema-valais.ch\/de\/wp-json\/wp\/v2\/product_cat?post=29487"},{"taxonomy":"product_tag","embeddable":true,"href":"https:\/\/systema-valais.ch\/de\/wp-json\/wp\/v2\/product_tag?post=29487"}],"curies":[{"name":"wp","href":"https:\/\/api.w.org\/{rel}","templated":true}]}}